{"id":368143,"date":"2022-03-10T11:44:44","date_gmt":"2022-03-10T11:44:44","guid":{"rendered":"https:\/\/saltysoulsportugal.com\/terms-and-conditions\/"},"modified":"2022-03-10T11:52:26","modified_gmt":"2022-03-10T11:52:26","slug":"terms-and-conditions","status":"publish","type":"page","link":"https:\/\/saltysoulsportugal.com\/pt-pt\/terms-and-conditions\/","title":{"rendered":"Termos e condi\u00e7\u00f5es"},"content":{"rendered":"<p>[et_pb_section fb_built=&#8221;1&#8243; custom_padding_last_edited=&#8221;on|tablet&#8221; admin_label=&#8221;Content V4 Header &#8211; Tina &#8211; BG image 1900&#215;604&#8243; module_class=&#8221;tina_content4_header&#8221; _builder_version=&#8221;3.29.3&#8243; background_image=&#8221;https:\/\/saltysoulsportugal.com\/wp-content\/uploads\/2020\/05\/Captura-de-ecra\u0303-2020-04-27-a\u0300s-16.04.38-1024&#215;285-1.png&#8221; custom_padding=&#8221;159px||22px||false|false&#8221; custom_padding_tablet=&#8221;40px||20px||false|false&#8221; custom_padding_phone=&#8221;&#8221; z_index_tablet=&#8221;500&#8243; custom_css_before=&#8221;content: %22%22;||display: block;||background-color: #1e1e26;||position: absolute;||top: 0;||left: 0;||width: 100%;||height: 100%;||opacity: 0.5;&#8221; box_shadow_horizontal_tablet=&#8221;0px&#8221; box_shadow_vertical_tablet=&#8221;0px&#8221; box_shadow_blur_tablet=&#8221;40px&#8221; box_shadow_spread_tablet=&#8221;0px&#8221; locked=&#8221;off&#8221;][et_pb_row custom_padding_last_edited=&#8221;on|tablet&#8221; admin_label=&#8221;Content V4 Header &#8211; Tina &#8211; Row&#8221; _builder_version=&#8221;3.29.3&#8243; width=&#8221;90%&#8221; custom_margin=&#8221;-51px|auto||auto||&#8221; custom_padding=&#8221;||21px||false|false&#8221; custom_padding_tablet=&#8221;||40px||false|false&#8221; custom_padding_phone=&#8221;&#8221; border_color_bottom=&#8221;#ffffff&#8221;][et_pb_column type=&#8221;4_4&#8243; _builder_version=&#8221;4.2.2&#8243;][et_pb_text admin_label=&#8221;Content V4 Header &#8211; Tina &#8211; Text&#8221; _builder_version=&#8221;4.9.4&#8243; text_font=&#8221;Poppins||||||||&#8221; text_text_color=&#8221;#ffffff&#8221; text_font_size=&#8221;18px&#8221; text_letter_spacing=&#8221;2px&#8221; text_line_height=&#8221;120%&#8221; text_orientation=&#8221;center&#8221; custom_margin=&#8221;||12px||false|false&#8221; custom_css_main_element=&#8221;font-weight: 400 !important;&#8221;]<\/p>\n<p>SALTY SOULS<\/p>\n<p>[\/et_pb_text][et_pb_cta title=&#8221;Termos e condi\u00e7\u00f5es&#8221; button_url=&#8221;#&#8221; admin_label=&#8221;Content V4 Header &#8211; Tina &#8211; Call To Action&#8221; _builder_version=&#8221;4.9.4&#8243; header_level=&#8221;h1&#8243; header_font=&#8221;Poppins|600||on|||||&#8221; header_font_size=&#8221;100px&#8221; header_line_height=&#8221;120%&#8221; body_font=&#8221;Poppins||||||||&#8221; body_text_color=&#8221;#ffffff&#8221; body_font_size=&#8221;23px&#8221; body_line_height=&#8221;180%&#8221; use_background_color=&#8221;off&#8221; custom_button=&#8221;on&#8221; button_text_size=&#8221;18px&#8221; button_text_color=&#8221;#1e1e26&#8243; button_bg_color=&#8221;#dec79b&#8221; button_border_width=&#8221;0px&#8221; button_border_radius=&#8221;5px&#8221; button_font=&#8221;Roboto|500|||||||&#8221; button_use_icon=&#8221;off&#8221; button_custom_margin=&#8221;31px||||false|false&#8221; button_custom_margin_tablet=&#8221;10px||||false|false&#8221; button_custom_margin_phone=&#8221;&#8221; button_custom_margin_last_edited=&#8221;on|tablet&#8221; button_custom_padding=&#8221;15px|44px|15px|44px|true|true&#8221; button_custom_padding_tablet=&#8221;10px|30px|10px|30px|true|true&#8221; button_custom_padding_phone=&#8221;&#8221; button_custom_padding_last_edited=&#8221;on|tablet&#8221; max_width=&#8221;100%&#8221; header_font_size_tablet=&#8221;38px&#8221; header_font_size_phone=&#8221;28px&#8221; header_font_size_last_edited=&#8221;on|phone&#8221; custom_css_promo_description=&#8221;font-weight: 400 !important;&#8221; custom_css_promo_title=&#8221;font-weight: 400 !important;||    padding-bottom: 4px;&#8221; button_text_color__hover_enabled=&#8221;on|hover&#8221; button_text_color__hover=&#8221;#dec79b&#8221; button_bg_color__hover_enabled=&#8221;on|hover&#8221; button_bg_color__hover=&#8221;#1e1e26&#8243; button_bg_enable_color__hover=&#8221;on&#8221;][\/et_pb_cta][\/et_pb_column][\/et_pb_row][\/et_pb_section][et_pb_section fb_built=&#8221;1&#8243; custom_padding_last_edited=&#8221;on|tablet&#8221; admin_label=&#8221;Tonight Content &#8211; Freddie&#8221; module_id=&#8221;about&#8221; module_class=&#8221;freddie_tonight_content&#8221; _builder_version=&#8221;3.29.3&#8243; custom_padding=&#8221;0px||20px||false|false&#8221; custom_padding_tablet=&#8221;40px||0px||false|false&#8221; custom_padding_phone=&#8221;&#8221;][et_pb_row _builder_version=&#8221;3.29.3&#8243;][et_pb_column type=&#8221;4_4&#8243; _builder_version=&#8221;3.29.3&#8243;][et_pb_text _builder_version=&#8221;4.9.4&#8243;]1. Em caso de n\u00e3o compar\u00eancia de um dos alunos a uma aula previamente marcada,  a mesma ser\u00e1 cobrada.<\/p>\n<p>2. Cancelamentos de aula\/reserva com direito a reembolso ser\u00e3o aceites apenas se requeridos com 15 dias de anteced\u00eancia do dia da aula\/reserva. Ap\u00f3s essa data, a escola s\u00f3 efetuar\u00e1 reembolsos em casos excecionais, se devidamente fundamentados e documentados: de doen\u00e7a ou les\u00e3o grave com a apresenta\u00e7\u00e3o de prova (exame ou relat\u00f3rio m\u00e9dico). <\/p>\n<p>3. A escola reserva-se o direito de alterar o hor\u00e1rio das aulas por motivos de for\u00e7a maior, como por exemplo, uma mudan\u00e7a inesperada nas condi\u00e7\u00f5es do oceano. <\/p>\n<p> 4. As aulas\/reservas s\u00f3 ser\u00e3o v\u00e1lidas ap\u00f3s o pagamento das mesmas. <\/p>\n<p> 5. Todos os pacotes s\u00e3o v\u00e1lidos por um ano contado da data de compra.<\/p>\n<p> 6. As aulas come\u00e7am nos hor\u00e1rios programados. Se um aluno se atrasar, podemos ter que iniciar a aula por respeito aos outros alunos e o aluno pode perder a aula sem ter direito a reembolso ou remarca\u00e7\u00e3o.[\/et_pb_text][\/et_pb_column][\/et_pb_row][\/et_pb_section][et_pb_section fb_built=&#8221;1&#8243; custom_padding_last_edited=&#8221;on|tablet&#8221; admin_label=&#8221;Gonna Rock Footer &#8211; Freddie&#8221; module_class=&#8221;freddie_gonna_rock_footer&#8221; _builder_version=&#8221;4.9.4&#8243; background_color=&#8221;#0466C8&#8243; custom_padding=&#8221;78px||0px||false|false&#8221; custom_padding_tablet=&#8221;20px||||false|false&#8221; custom_padding_phone=&#8221;&#8221; z_index_tablet=&#8221;500&#8243; box_shadow_horizontal_tablet=&#8221;0px&#8221; box_shadow_vertical_tablet=&#8221;0px&#8221; box_shadow_blur_tablet=&#8221;40px&#8221; box_shadow_spread_tablet=&#8221;0px&#8221; global_module=&#8221;265959&#8243;][et_pb_row _builder_version=&#8221;3.29.3&#8243;][et_pb_column type=&#8221;4_4&#8243; _builder_version=&#8221;3.29.3&#8243;][et_pb_cta title=&#8221;Surf connosco e divirta-se&#8221; admin_label=&#8221;Gonna Rock Footer &#8211; Freddie &#8211; Menu&#8221; _builder_version=&#8221;4.9.4&#8243; header_font=&#8221;Poppins|800||on|||||&#8221; header_text_color=&#8221;#ffffff&#8221; header_font_size=&#8221;48px&#8221; header_letter_spacing=&#8221;0.5px&#8221; header_line_height=&#8221;130%&#8221; body_font=&#8221;Roboto||||||||&#8221; body_text_color=&#8221;#ffffff&#8221; body_font_size=&#8221;16px&#8221; body_line_height=&#8221;120%&#8221; use_background_color=&#8221;off&#8221; text_orientation=&#8221;left&#8221; custom_margin=&#8221;|62px||||&#8221; header_font_size_tablet=&#8221;30px&#8221; header_font_size_phone=&#8221;30px&#8221; header_font_size_last_edited=&#8221;on|phone&#8221; z_index_tablet=&#8221;500&#8243; custom_css_promo_description=&#8221;font-weight: 400;||padding-bottom: 0 !important;||&#8221; custom_css_promo_title=&#8221;padding-bottom: 0 !important;||&#8221; custom_css_promo_title_last_edited=&#8221;on|desktop&#8221;][\/et_pb_cta][\/et_pb_column][\/et_pb_row][et_pb_row column_structure=&#8221;1_3,1_3,1_3&#8243; _builder_version=&#8221;3.29.3&#8243;][et_pb_column type=&#8221;1_3&#8243; _builder_version=&#8221;3.29.3&#8243;][et_pb_text admin_label=&#8221;Gonna Rock Footer &#8211; Freddie &#8211; \u00a9&#8221; _builder_version=&#8221;3.29.3&#8243; text_font=&#8221;Poppins||||||||&#8221; text_text_color=&#8221;#ffffff&#8221; text_font_size=&#8221;28px&#8221; text_line_height=&#8221;120%&#8221; custom_padding_tablet=&#8221;||10px||false|false&#8221; custom_padding_phone=&#8221;&#8221; custom_padding_last_edited=&#8221;on|tablet&#8221; text_font_size_tablet=&#8221;&#8221; text_font_size_phone=&#8221;23px&#8221; text_font_size_last_edited=&#8221;on|phone&#8221; z_index_tablet=&#8221;500&#8243; text_orientation_tablet=&#8221;center&#8221; text_orientation_phone=&#8221;left&#8221; text_orientation_last_edited=&#8221;on|tablet&#8221; custom_css_main_element=&#8221;font-weight: 400 !important;&#8221; locked=&#8221;off&#8221;]<\/p>\n<p><strong>SIGA-NOS<\/strong><\/p>\n<p>[\/et_pb_text][et_pb_social_media_follow use_icon_font_size=&#8221;on&#8221; icon_font_size=&#8221;28px&#8221; _builder_version=&#8221;4.9.4&#8243; custom_margin=&#8221;-16px||-3px|||&#8221;][et_pb_social_media_follow_network social_network=&#8221;facebook&#8221; url=&#8221;https:\/\/www.facebook.com\/saltysoulspt\/&#8221; _builder_version=&#8221;3.29.3&#8243; background_color=&#8221;rgba(59,89,152,0)&#8221; background_enable_color=&#8221;on&#8221; follow_button=&#8221;off&#8221; url_new_window=&#8221;on&#8221;]facebook[\/et_pb_social_media_follow_network][et_pb_social_media_follow_network social_network=&#8221;instagram&#8221; url=&#8221;https:\/\/www.instagram.com\/saltysoulsportugal\/&#8221; _builder_version=&#8221;3.29.3&#8243; background_enable_color=&#8221;off&#8221; follow_button=&#8221;off&#8221; url_new_window=&#8221;on&#8221;]instagram[\/et_pb_social_media_follow_network][et_pb_social_media_follow_network social_network=&#8221;youtube&#8221; url=&#8221;https:\/\/www.youtube.com\/channel\/UC7LG25VNdaiq8Y-SyJVqoAg&#8221; _builder_version=&#8221;4.9.4&#8243; _module_preset=&#8221;default&#8221; background_enable_color=&#8221;off&#8221; follow_button=&#8221;off&#8221; url_new_window=&#8221;on&#8221;]youtube[\/et_pb_social_media_follow_network][et_pb_social_media_follow_network social_network=&#8221;myspace&#8221; url=&#8221;https:\/\/www.tripadvisor.com\/Attraction_Review-g189154-d12688142-Reviews-Salty_Souls_Surf_School-Cascais_Lisbon_District_Central_Portugal.html&#8221; _builder_version=&#8221;3.29.3&#8243; background_enable_color=&#8221;off&#8221; follow_button=&#8221;off&#8221; url_new_window=&#8221;on&#8221;]myspace[\/et_pb_social_media_follow_network][\/et_pb_social_media_follow][\/et_pb_column][et_pb_column type=&#8221;1_3&#8243; _builder_version=&#8221;3.29.3&#8243;][et_pb_text ul_type=&#8221;none&#8221; admin_label=&#8221;Gonna Rock Footer &#8211; Freddie &#8211; Text&#8221; _builder_version=&#8221;4.9.4&#8243; text_font=&#8221;Lato||||||||&#8221; text_text_color=&#8221;#ffffff&#8221; text_font_size=&#8221;16px&#8221; link_text_color=&#8221;#ffffff&#8221; custom_margin=&#8221;20px|||||&#8221; custom_padding=&#8221;2px|||49px|false|false&#8221; custom_padding_tablet=&#8221;|||30px|false|false&#8221; custom_padding_phone=&#8221;20px|||0px|false|false&#8221; custom_padding_last_edited=&#8221;on|phone&#8221; hover_enabled=&#8221;0&#8243; custom_css_before=&#8221;content: %22%22;||display:block;||background-color: #ffffff;||position: absolute;||left: 0;||top: 0;||height: 100%;||width: 15px;&#8221; custom_css_main_element=&#8221;position: relative;&#8221; sticky_enabled=&#8221;0&#8243;]<\/p>\n<ul>\n<li><a href=\"tel:913516264\">+351 913516264<\/a><\/li>\n<li><a href=\"mailto:saltysoulspt@gmail.com\">saltysoulspt@gmail.com<\/a><\/li>\n<\/ul>\n<p>[\/et_pb_text][\/et_pb_column][et_pb_column type=&#8221;1_3&#8243; _builder_version=&#8221;3.29.3&#8243;][et_pb_image src=&#8221;https:\/\/saltysoulsportugal.com\/wp-content\/uploads\/2020\/06\/selo.png&#8221; title_text=&#8221;selo&#8221; align=&#8221;right&#8221; _builder_version=&#8221;4.4.6&#8243; width=&#8221;100px&#8221; max_width=&#8221;56%&#8221; module_alignment=&#8221;right&#8221; custom_margin=&#8221;-144px|||||&#8221; custom_margin_tablet=&#8221;&#8221; custom_margin_phone=&#8221;0px||||false|false&#8221; custom_margin_last_edited=&#8221;on|phone&#8221; custom_padding=&#8221;0px|||||&#8221; module_alignment_tablet=&#8221;&#8221; module_alignment_phone=&#8221;center&#8221; module_alignment_last_edited=&#8221;on|desktop&#8221;][\/et_pb_image][et_pb_image src=&#8221;https:\/\/saltysoulsportugal.com\/wp-content\/uploads\/2020\/04\/logo-portugal.png&#8221; _builder_version=&#8221;3.29.3&#8243; max_width=&#8221;140px&#8221; module_alignment=&#8221;right&#8221; custom_margin=&#8221;-50px||||false|false&#8221;][\/et_pb_image][et_pb_image src=&#8221;https:\/\/saltysoulsportugal.com\/wp-content\/uploads\/2020\/04\/FPS_logo_retina.png&#8221; _builder_version=&#8221;3.29.3&#8243; max_width=&#8221;140px&#8221; module_alignment=&#8221;right&#8221; custom_margin=&#8221;-40px||||false|false&#8221;][\/et_pb_image][\/et_pb_column][\/et_pb_row][et_pb_row column_structure=&#8221;1_2,1_2&#8243; use_custom_gutter=&#8221;on&#8221; gutter_width=&#8221;2&#8243; admin_label=&#8221;Gonna Rock Footer &#8211; Freddie &#8211; Row&#8221; _builder_version=&#8221;3.29.3&#8243; background_enable_color=&#8221;off&#8221; width=&#8221;90%&#8221; max_width=&#8221;1470px&#8221; custom_padding=&#8221;16px|8.9%|47px|6.9%|false|false&#8221; border_color_top=&#8221;#1f1f1f&#8221;][et_pb_column type=&#8221;1_2&#8243; _builder_version=&#8221;4.0.5&#8243; custom_padding=&#8221;|||&#8221; custom_css_main_element=&#8221;    margin-bottom: 0 !important;&#8221; custom_padding__hover=&#8221;|||&#8221;][et_pb_text admin_label=&#8221;Gonna Rock Footer &#8211; Freddie &#8211; \u00a9&#8221; _builder_version=&#8221;4.9.4&#8243; text_font=&#8221;Lato||||||||&#8221; text_text_color=&#8221;#ffffff&#8221; text_font_size=&#8221;16px&#8221; text_line_height=&#8221;120%&#8221; link_text_color=&#8221;#3A4454&#8243; vertical_offset_tablet=&#8221;0&#8243; horizontal_offset_tablet=&#8221;0&#8243; custom_padding_tablet=&#8221;||10px||false|false&#8221; custom_padding_phone=&#8221;&#8221; custom_padding_last_edited=&#8221;on|tablet&#8221; z_index_tablet=&#8221;500&#8243; text_orientation_tablet=&#8221;center&#8221; text_orientation_phone=&#8221;&#8221; text_orientation_last_edited=&#8221;on|tablet&#8221; custom_css_main_element=&#8221;font-weight: 400 !important;&#8221; text_text_shadow_horizontal_length_tablet=&#8221;0px&#8221; text_text_shadow_vertical_length_tablet=&#8221;0px&#8221; text_text_shadow_blur_strength_tablet=&#8221;1px&#8221; link_text_shadow_horizontal_length_tablet=&#8221;0px&#8221; link_text_shadow_vertical_length_tablet=&#8221;0px&#8221; link_text_shadow_blur_strength_tablet=&#8221;1px&#8221; ul_text_shadow_horizontal_length_tablet=&#8221;0px&#8221; ul_text_shadow_vertical_length_tablet=&#8221;0px&#8221; ul_text_shadow_blur_strength_tablet=&#8221;1px&#8221; ol_text_shadow_horizontal_length_tablet=&#8221;0px&#8221; ol_text_shadow_vertical_length_tablet=&#8221;0px&#8221; ol_text_shadow_blur_strength_tablet=&#8221;1px&#8221; quote_text_shadow_horizontal_length_tablet=&#8221;0px&#8221; quote_text_shadow_vertical_length_tablet=&#8221;0px&#8221; quote_text_shadow_blur_strength_tablet=&#8221;1px&#8221; header_text_shadow_horizontal_length_tablet=&#8221;0px&#8221; header_text_shadow_vertical_length_tablet=&#8221;0px&#8221; header_text_shadow_blur_strength_tablet=&#8221;1px&#8221; header_2_text_shadow_horizontal_length_tablet=&#8221;0px&#8221; header_2_text_shadow_vertical_length_tablet=&#8221;0px&#8221; header_2_text_shadow_blur_strength_tablet=&#8221;1px&#8221; header_3_text_shadow_horizontal_length_tablet=&#8221;0px&#8221; header_3_text_shadow_vertical_length_tablet=&#8221;0px&#8221; header_3_text_shadow_blur_strength_tablet=&#8221;1px&#8221; header_4_text_shadow_horizontal_length_tablet=&#8221;0px&#8221; header_4_text_shadow_vertical_length_tablet=&#8221;0px&#8221; header_4_text_shadow_blur_strength_tablet=&#8221;1px&#8221; header_5_text_shadow_horizontal_length_tablet=&#8221;0px&#8221; header_5_text_shadow_vertical_length_tablet=&#8221;0px&#8221; header_5_text_shadow_blur_strength_tablet=&#8221;1px&#8221; header_6_text_shadow_horizontal_length_tablet=&#8221;0px&#8221; header_6_text_shadow_vertical_length_tablet=&#8221;0px&#8221; header_6_text_shadow_blur_strength_tablet=&#8221;1px&#8221; box_shadow_horizontal_tablet=&#8221;0px&#8221; box_shadow_vertical_tablet=&#8221;0px&#8221; box_shadow_blur_tablet=&#8221;40px&#8221; box_shadow_spread_tablet=&#8221;0px&#8221; locked=&#8221;off&#8221;]Design e Desenvolvimento por <a href=\"https:\/\/bestsites.pt\" target=\"_blank\" rel=\"noopener\">Bestsites.pt<\/a>[\/et_pb_text][\/et_pb_column][et_pb_column type=&#8221;1_2&#8243; _builder_version=&#8221;3.25&#8243; custom_padding=&#8221;|||&#8221; custom_padding__hover=&#8221;|||&#8221;][et_pb_text admin_label=&#8221;Gonna Rock Footer &#8211; Freddie &#8211; Links&#8221; _builder_version=&#8221;4.9.4&#8243; text_font=&#8221;Lato||||||||&#8221; text_text_color=&#8221;#ffffff&#8221; text_font_size=&#8221;16px&#8221; text_letter_spacing=&#8221;0.3px&#8221; text_line_height=&#8221;120%&#8221; link_text_color=&#8221;#ffffff&#8221; text_orientation=&#8221;right&#8221; hover_enabled=&#8221;0&#8243; z_index_tablet=&#8221;500&#8243; text_orientation_tablet=&#8221;center&#8221; text_orientation_phone=&#8221;&#8221; text_orientation_last_edited=&#8221;on|tablet&#8221; sticky_enabled=&#8221;0&#8243;]<\/p>\n<p><a href=\"https:\/\/saltysoulsportugal.com\/terms-and-conditions\/?lang=pt-pt\">Termos e Condi\u00e7\u00f5es<\/a> | <a href=\"https:\/\/saltysoulsportugal.com\/privacy-police\/\">Pol\u00edtica de Privacidade<\/a><\/p>\n<p>[\/et_pb_text][\/et_pb_column][\/et_pb_row][\/et_pb_section]<\/p>\n","protected":false},"excerpt":{"rendered":"<p>SALTY SOULS 1. Em caso de n\u00e3o compar\u00eancia de um dos alunos a uma aula previamente marcada, a mesma ser\u00e1 cobrada. 2. Cancelamentos de aula\/reserva com direito a reembolso ser\u00e3o aceites apenas se requeridos com 15 dias de anteced\u00eancia do dia da aula\/reserva. Ap\u00f3s essa data, a escola s\u00f3 efetuar\u00e1 reembolsos em casos excecionais, se [&hellip;]<\/p>\n","protected":false},"author":1,"featured_media":0,"parent":0,"menu_order":0,"comment_status":"closed","ping_status":"closed","template":"","meta":{"_et_pb_use_builder":"on","_et_pb_old_content":"","_et_gb_content_width":"","_joinchat":[],"footnotes":""},"class_list":["post-368143","page","type-page","status-publish","hentry"],"_links":{"self":[{"href":"https:\/\/saltysoulsportugal.com\/pt-pt\/wp-json\/wp\/v2\/pages\/368143","targetHints":{"allow":["GET"]}}],"collection":[{"href":"https:\/\/saltysoulsportugal.com\/pt-pt\/wp-json\/wp\/v2\/pages"}],"about":[{"href":"https:\/\/saltysoulsportugal.com\/pt-pt\/wp-json\/wp\/v2\/types\/page"}],"author":[{"embeddable":true,"href":"https:\/\/saltysoulsportugal.com\/pt-pt\/wp-json\/wp\/v2\/users\/1"}],"replies":[{"embeddable":true,"href":"https:\/\/saltysoulsportugal.com\/pt-pt\/wp-json\/wp\/v2\/comments?post=368143"}],"version-history":[{"count":5,"href":"https:\/\/saltysoulsportugal.com\/pt-pt\/wp-json\/wp\/v2\/pages\/368143\/revisions"}],"predecessor-version":[{"id":368154,"href":"https:\/\/saltysoulsportugal.com\/pt-pt\/wp-json\/wp\/v2\/pages\/368143\/revisions\/368154"}],"wp:attachment":[{"href":"https:\/\/saltysoulsportugal.com\/pt-pt\/wp-json\/wp\/v2\/media?parent=368143"}],"curies":[{"name":"wp","href":"https:\/\/api.w.org\/{rel}","templated":true}]}}